{"id":225,"date":"2023-03-02T10:37:09","date_gmt":"2023-03-02T10:37:09","guid":{"rendered":"https:\/\/www.partnerschaftsverein-wolfhagen.de\/?page_id=225"},"modified":"2025-06-10T14:43:15","modified_gmt":"2025-06-10T14:43:15","slug":"mitglied-werden","status":"publish","type":"page","link":"https:\/\/www.partnerschaftsverein-wolfhagen.de\/index.php\/mitglied-werden\/","title":{"rendered":"Mitglied werden"},"content":{"rendered":"\n<p>Sind Sie interessiert an unserer Arbeit und wollen uns aktiv oder als F\u00f6rdermitglied unterst\u00fctzen? Wir freuen uns \u00fcber neue Gesichter in unseren Reihen!<\/p>\n\n\n\n<p>Unser aktueller Mindestbeitrag betr\u00e4gt<\/p>\n\n\n\n<p>20,00 \u20ac\/Jahr als Einzelperson<\/p>\n\n\n\n<p>30,00 \u20ac\/Jahr als Paar sowie als Familie mit Kindern unter 18 Jahren.<\/p>\n\n\n\n<p><\/p>\n\n\n\n<p><\/p>\n\n\n\n<p><\/p>\n\n\n\n<p>Wir freuen uns \u00fcber neue Mitglieder. Hier finden Sie die Beitrittserkl\u00e4rung mit SEPA-Mandat: <a href=\"https:\/\/www.partnerschaftsverein-wolfhagen.de\/wp-content\/uploads\/2025\/01\/Beitrittserklaerung-SEPA-2025-01.pdf\" data-type=\"URL\" data-id=\"https:\/\/www.partnerschaftsverein-wolfhagen.de\/wp-content\/uploads\/2023\/03\/Beitrittserklaerung.pdf\" target=\"_blank\" rel=\"noreferrer noopener\">Beitrittserkl\u00e4rung<\/a><\/p>\n\n\n\n<p>Nachdem Sie diese ausgef\u00fcllt und unterschrieben haben, haben Sie die M\u00f6glichkeit, sie uns pers\u00f6nlich, per Mail oder als Briefpost zukommen zu lassen.<\/p>\n\n\n\n<p><strong>per E-Mail<\/strong><\/p>\n\n\n\n<p><a rel=\"noreferrer noopener\" href=\"mailto:vorstand@partnerschaftverein-wolfhagen.de\" target=\"_blank\">vorstand@partnerschaftverein-wolfhagen.de<\/a><\/p>\n\n\n\n<p><strong>per Briefpost:<\/strong><\/p>\n\n\n\n<p><strong>Verein zur F\u00f6rderung der St\u00e4dtepartnerschaften<br>der Stadt Wolfhagen e.V.<\/strong><\/p>\n\n\n\n<p>Burgstra\u00dfe 33-35<br>34466 Wolfhagen<\/p>\n\n\n\n<p><\/p>\n","protected":false},"excerpt":{"rendered":"<p>Sind Sie interessiert an unserer Arbeit und wollen uns aktiv oder als F\u00f6rdermitglied unterst\u00fctzen? Wir freuen uns \u00fcber neue Gesichter in unseren Reihen! Unser aktueller<\/p>\n","protected":false},"author":1,"featured_media":44,"parent":0,"menu_order":0,"comment_status":"closed","ping_status":"closed","template":"","meta":{"footnotes":""},"class_list":["post-225","page","type-page","status-publish","has-post-thumbnail","hentry"],"_links":{"self":[{"href":"https:\/\/www.partnerschaftsverein-wolfhagen.de\/index.php\/wp-json\/wp\/v2\/pages\/225","targetHints":{"allow":["GET"]}}],"collection":[{"href":"https:\/\/www.partnerschaftsverein-wolfhagen.de\/index.php\/wp-json\/wp\/v2\/pages"}],"about":[{"href":"https:\/\/www.partnerschaftsverein-wolfhagen.de\/index.php\/wp-json\/wp\/v2\/types\/page"}],"author":[{"embeddable":true,"href":"https:\/\/www.partnerschaftsverein-wolfhagen.de\/index.php\/wp-json\/wp\/v2\/users\/1"}],"replies":[{"embeddable":true,"href":"https:\/\/www.partnerschaftsverein-wolfhagen.de\/index.php\/wp-json\/wp\/v2\/comments?post=225"}],"version-history":[{"count":15,"href":"https:\/\/www.partnerschaftsverein-wolfhagen.de\/index.php\/wp-json\/wp\/v2\/pages\/225\/revisions"}],"predecessor-version":[{"id":581,"href":"https:\/\/www.partnerschaftsverein-wolfhagen.de\/index.php\/wp-json\/wp\/v2\/pages\/225\/revisions\/581"}],"wp:featuredmedia":[{"embeddable":true,"href":"https:\/\/www.partnerschaftsverein-wolfhagen.de\/index.php\/wp-json\/wp\/v2\/media\/44"}],"wp:attachment":[{"href":"https:\/\/www.partnerschaftsverein-wolfhagen.de\/index.php\/wp-json\/wp\/v2\/media?parent=225"}],"curies":[{"name":"wp","href":"https:\/\/api.w.org\/{rel}","templated":true}]}}