{"id":37,"date":"2023-02-08T14:12:58","date_gmt":"2023-02-08T14:12:58","guid":{"rendered":"https:\/\/www.partnerschaftsverein-wolfhagen.de\/?page_id=37"},"modified":"2025-06-09T16:47:43","modified_gmt":"2025-06-09T16:47:43","slug":"ohrdruf","status":"publish","type":"page","link":"https:\/\/www.partnerschaftsverein-wolfhagen.de\/index.php\/ohrdruf\/","title":{"rendered":"Ohrdruf"},"content":{"rendered":"\n<p>Nach der politischen Wende in der ehemaligen DDR f\u00fchrten famili\u00e4re Verbindungen zur der St\u00e4dtepartnerschaft, die mit den Unterschriften am 19.07.1990 in Wolfhagen und am 03.10.1990 in Ohrdruf besiegelt wurde.<\/p>\n\n\n\n<p>Ein reger Austausch zwischen vielen Vereinen und Privatpersonen entwickelte sich. Durch die offene und respektvolle Zusammenarbeit auf kommunaler&nbsp; Ebene konnte die Stadt Ohrdruf namhafte Unternehmen wie Brandt, Hermes oder Storck Optionen zur Ansiedlung anbieten, was bis heute einen nachhaltigen Gewinn f\u00fcr die Entwicklung der Stadt darstellt. Die letzten Jahre sind gepr\u00e4gt von Besuchen und Diskussionen zu aktuellen Themen und Projekten, die uns alle bewegen wie Tourismus, erneuerbare Energien, Erinnerungskultur in der&nbsp; ver\u00e4nderten Gesellschaft, Ausstellungen, gemeinsame Jugendveranstaltungen und Kultur.<\/p>\n\n\n<div class=\"wp-block-image\">\n<figure class=\"aligncenter size-full is-resized\"><img loading=\"lazy\" decoding=\"async\" width=\"750\" height=\"500\" src=\"https:\/\/www.partnerschaftsverein-wolfhagen.de\/wp-content\/uploads\/2025\/06\/Ohrdruf-Partnerstadt-25-06.jpg\" alt=\"\" class=\"wp-image-572\" style=\"width:343px;height:auto\" srcset=\"https:\/\/www.partnerschaftsverein-wolfhagen.de\/wp-content\/uploads\/2025\/06\/Ohrdruf-Partnerstadt-25-06.jpg 750w, https:\/\/www.partnerschaftsverein-wolfhagen.de\/wp-content\/uploads\/2025\/06\/Ohrdruf-Partnerstadt-25-06-300x200.jpg 300w, https:\/\/www.partnerschaftsverein-wolfhagen.de\/wp-content\/uploads\/2025\/06\/Ohrdruf-Partnerstadt-25-06-420x280.jpg 420w\" sizes=\"auto, (max-width: 750px) 100vw, 750px\" \/><figcaption class=\"wp-element-caption\">Ohrdruf<\/figcaption><\/figure>\n<\/div>\n\n\n<p>Unsere Partnerstadt hat ca. 10.000 Einwohner, liegt im Landkreis Gotha, 40km \u00f6stlich von Eisenach und 20km n\u00f6rdlich von Oberhof am Rand des Th\u00fcringer Waldes. Seit dem 01.01.2019 haben sich die Orte Crawinkel, W\u00f6lfis und Gr\u00e4fenhain der Stadt angeschlossen.<\/p>\n\n\n\n<p>Vor 1300 Jahren erstmals durch Bonifatius erw\u00e4hnt, hat die Stadt eine bewegte Geschichte hinter sich. Neben zahlreichen Br\u00e4nden in der Stadt hinterlie\u00dfen die unterschiedlichen Regierenden quer durch die Jahrhunderte ihre Spuren. Eine besonders beeindruckende ist das Schlo\u00df Ehrenstein. Ende des 16. Jahrhunderts als Wohnsitz der Grafen&nbsp; von Gleichen errichtet, von deren Nachfolgern ebenso genutzt, wurde es Ende des 19. Jahrhunderts an den Staat verkauft. In den sp\u00e4ten 1950er bis Anfang der 1970er Jahre diente es als Schule sowjetischer Offizierskinder. Ende der 1970er Jahre konnte die IG Schlo\u00df Ehrenstein das vollkommen heruntergekommene Geb\u00e4ude vor dem Abriss retten und setzte fortan alles daran, dies zu renovieren. Kurz vor dem Ziel 2013 brannten durch die Unachtsamkeit eines Handwerkers zwei der vier Fl\u00fcgel komplett nieder, was auch die Wolfhager B\u00fcrger schockiert hat.&nbsp; Nachfolgend wurde bis zur Wiederer\u00f6ffnung 2022 das gesamte Schlo\u00df ein weiteres Mal wiederaufgebaut und restauriert. In ihm befindet sich heute u.a. die Tourismusinformation, ein Trauzimmer und ein Museum, dass sich zum einen der bewegten Stadtgeschichte und ihren ganzen Innovationen im&nbsp; Bereich Spielzeug, M\u00f6bel- und Maskenbau und zum anderen einem ihrer ber\u00fchmtesten Bewohner widmet: Johann Sebastian Bach. Dieser verbrachte nach in Ohrdruf f\u00fcnf Jahre seines Lebens im Haus seines Bruders, dies wird jedes Jahr im Rahmen des Th\u00fcringer Bachsommers mit Konzerten gew\u00fcrdigt.<\/p>\n\n\n\n<p>Neben dem k\u00fcnstlerischen Aspekt spielt das Milit\u00e4r eine gro\u00dfe Rolle in der Stadt. Bereits seit Ende des 19. Jahrhunderts gibt es einen Truppen\u00fcbungsplatz, der auch heute noch genutzt wird. Ein Teil dieser Fl\u00e4che wurde w\u00e4hrend des zweiten Weltkrieges als Au\u00dfenlager des KZ Buchenwald genutzt. Dies wurde im April 1945 von amerikanischen Truppen beim Vorsto\u00df Richtung Berlin&nbsp; entdeckt und befreit. Ab Juli 1945 haben bis zu 30.000 russische Soldaten in der Stadt gelebt, heute ist dort das hessische Heimatschutzregiment stationiert.<\/p>\n\n\n\n<p>Es gibt vieles, was Ohrdruf und seine Ortsteile liebens- und sehenswert macht. Neben vielen warmherzigen Kontakten lassen sich an jedem Ort Sch\u00e4tze entdecken, an dieser Stelle seien stellvertretend der Wasserturm am Rande Ohrdrufs mit dem tollen Ausblick \u00fcber die Stadt und ihre Umgebung, das Schwimmbad in W\u00f6lfis, das Heimatmuseum Alte M\u00fchle in Crawinkel mit dem Schwerpunkt des Handwerkes der M\u00fchlensteinhauer und des Geigen- und Zithernbaus, die prachtvolle Dreifaltigkeitskirche in Gr\u00e4fenhain mit der barocken Thielemann Orgel, die regelm\u00e4\u00dfig beim Th\u00fcringer und Gr\u00e4fenhainer Orgelsommer erklingt sowie der Tobiashammer, eine \u00fcber 500 Jahre alte funktionierende, wasserbetriebene Schmiedeanlage genannt<\/p>\n\n\n\n<p>Zur Internetseite der Stadt Ohrdruf: <a href=\"https:\/\/www.ohrdruf.de\/portal\/startseite.html\" target=\"_blank\" rel=\"noreferrer noopener\">Link<\/a><\/p>\n\n\n\n<p><\/p>\n","protected":false},"excerpt":{"rendered":"<p>Nach der politischen Wende in der ehemaligen DDR f\u00fchrten famili\u00e4re Verbindungen zur der St\u00e4dtepartnerschaft, die mit den Unterschriften am 19.07.1990 in Wolfhagen und am 03.10.1990<\/p>\n","protected":false},"author":1,"featured_media":316,"parent":0,"menu_order":0,"comment_status":"closed","ping_status":"closed","template":"","meta":{"footnotes":""},"class_list":["post-37","page","type-page","status-publish","has-post-thumbnail","hentry"],"_links":{"self":[{"href":"https:\/\/www.partnerschaftsverein-wolfhagen.de\/index.php\/wp-json\/wp\/v2\/pages\/37","targetHints":{"allow":["GET"]}}],"collection":[{"href":"https:\/\/www.partnerschaftsverein-wolfhagen.de\/index.php\/wp-json\/wp\/v2\/pages"}],"about":[{"href":"https:\/\/www.partnerschaftsverein-wolfhagen.de\/index.php\/wp-json\/wp\/v2\/types\/page"}],"author":[{"embeddable":true,"href":"https:\/\/www.partnerschaftsverein-wolfhagen.de\/index.php\/wp-json\/wp\/v2\/users\/1"}],"replies":[{"embeddable":true,"href":"https:\/\/www.partnerschaftsverein-wolfhagen.de\/index.php\/wp-json\/wp\/v2\/comments?post=37"}],"version-history":[{"count":11,"href":"https:\/\/www.partnerschaftsverein-wolfhagen.de\/index.php\/wp-json\/wp\/v2\/pages\/37\/revisions"}],"predecessor-version":[{"id":573,"href":"https:\/\/www.partnerschaftsverein-wolfhagen.de\/index.php\/wp-json\/wp\/v2\/pages\/37\/revisions\/573"}],"wp:featuredmedia":[{"embeddable":true,"href":"https:\/\/www.partnerschaftsverein-wolfhagen.de\/index.php\/wp-json\/wp\/v2\/media\/316"}],"wp:attachment":[{"href":"https:\/\/www.partnerschaftsverein-wolfhagen.de\/index.php\/wp-json\/wp\/v2\/media?parent=37"}],"curies":[{"name":"wp","href":"https:\/\/api.w.org\/{rel}","templated":true}]}}