{"id":8,"date":"2023-02-08T13:27:26","date_gmt":"2023-02-08T13:27:26","guid":{"rendered":"https:\/\/www.partnerschaftsverein-wolfhagen.de\/?page_id=8"},"modified":"2025-06-10T12:24:18","modified_gmt":"2025-06-10T12:24:18","slug":"wir-ueber-uns","status":"publish","type":"page","link":"https:\/\/www.partnerschaftsverein-wolfhagen.de\/index.php\/wir-ueber-uns\/","title":{"rendered":"Wir \u00fcber uns"},"content":{"rendered":"\n<p>Von 1980 bis 2016 wurde die Organisation der Aktivit\u00e4ten der St\u00e4dtepartnerschaften durch eine st\u00e4dtische Kommission wahrgenommen. Da die M\u00f6glichkeiten der Mitarbeit in einem \u00f6ffentlichen Gremium eingeschr\u00e4nkt sind und nur wenigen sachkundigen B\u00fcrger*innen offensteht, entschloss sich die Stadt Wolfhagen einen gemeinn\u00fctzigen Verein ins Leben zu rufen. So wurde am 5.&nbsp;Juli&nbsp;2016 der \u201eVerein zur F\u00f6rderung der St\u00e4dtepartnerschaften der Stadt Wolfhagen e.&nbsp;V.\u201c gegr\u00fcndet.<\/p>\n\n\n\n<p>Er steht jedem Menschen jeden Alters und jeglicher Herkunft offen, der sich mit der Arbeit des Vereines identifiziert, welche in der Satzung definiert ist (zur <a href=\"https:\/\/www.partnerschaftsverein-wolfhagen.de\/wp-content\/uploads\/2023\/03\/SATZUNG-2016-11.pdf\" target=\"_blank\" rel=\"noreferrer noopener\">Satzung<\/a>).<\/p>\n\n\n\n<p>Besonders wichtig ist uns:<\/p>\n\n\n\n<ul class=\"wp-block-list\">\n<li>Die bestehenden langj\u00e4hrigen St\u00e4dtepartnerschaften zu erhalten,<\/li>\n\n\n\n<li>bereits vorhandene Kontakte zu vertiefen oder wiederzubeleben,<\/li>\n\n\n\n<li>die Bildung neuer Kontakte\u00a0 und Austausch \/Begegnungen zwischen Menschen, Vereinen und Institutionen auf privater, schulischer, sportlicher und kultureller Ebene zu unterst\u00fctzen und zu f\u00f6rdern,<\/li>\n\n\n\n<li>Informationen sowohl unserer Stadt als auch der Partnerst\u00e4dte in die jeweiligen Stadtgemeinschaften zu tragen,<\/li>\n\n\n\n<li>eine enge Zusammenarbeit mit den st\u00e4dtischen Gremien der Stadt Wolfhagen, der Walter-L\u00fcbcke-Schule sowie allen Vereinen und<\/li>\n\n\n\n<li>den europ\u00e4ischen Grundgedanken und damit verbunden Respekt, Toleranz, Offenheit als gelebte V\u00f6lkerverst\u00e4ndigung aktiv umzusetzen, um unseren Teil zu einem friedlichen Europa zu leisten.<\/li>\n<\/ul>\n\n\n\n<p><\/p>\n","protected":false},"excerpt":{"rendered":"<p>Von 1980 bis 2016 wurde die Organisation der Aktivit\u00e4ten der St\u00e4dtepartnerschaften durch eine st\u00e4dtische Kommission wahrgenommen. Da die M\u00f6glichkeiten der Mitarbeit in einem \u00f6ffentlichen Gremium<\/p>\n","protected":false},"author":1,"featured_media":278,"parent":0,"menu_order":0,"comment_status":"closed","ping_status":"closed","template":"","meta":{"footnotes":""},"class_list":["post-8","page","type-page","status-publish","has-post-thumbnail","hentry"],"_links":{"self":[{"href":"https:\/\/www.partnerschaftsverein-wolfhagen.de\/index.php\/wp-json\/wp\/v2\/pages\/8","targetHints":{"allow":["GET"]}}],"collection":[{"href":"https:\/\/www.partnerschaftsverein-wolfhagen.de\/index.php\/wp-json\/wp\/v2\/pages"}],"about":[{"href":"https:\/\/www.partnerschaftsverein-wolfhagen.de\/index.php\/wp-json\/wp\/v2\/types\/page"}],"author":[{"embeddable":true,"href":"https:\/\/www.partnerschaftsverein-wolfhagen.de\/index.php\/wp-json\/wp\/v2\/users\/1"}],"replies":[{"embeddable":true,"href":"https:\/\/www.partnerschaftsverein-wolfhagen.de\/index.php\/wp-json\/wp\/v2\/comments?post=8"}],"version-history":[{"count":45,"href":"https:\/\/www.partnerschaftsverein-wolfhagen.de\/index.php\/wp-json\/wp\/v2\/pages\/8\/revisions"}],"predecessor-version":[{"id":579,"href":"https:\/\/www.partnerschaftsverein-wolfhagen.de\/index.php\/wp-json\/wp\/v2\/pages\/8\/revisions\/579"}],"wp:featuredmedia":[{"embeddable":true,"href":"https:\/\/www.partnerschaftsverein-wolfhagen.de\/index.php\/wp-json\/wp\/v2\/media\/278"}],"wp:attachment":[{"href":"https:\/\/www.partnerschaftsverein-wolfhagen.de\/index.php\/wp-json\/wp\/v2\/media?parent=8"}],"curies":[{"name":"wp","href":"https:\/\/api.w.org\/{rel}","templated":true}]}}